{"id":153,"date":"2024-01-03T02:51:01","date_gmt":"2024-01-03T01:51:01","guid":{"rendered":"https:\/\/markimedia.fr\/?page_id=153"},"modified":"2024-01-18T14:23:38","modified_gmt":"2024-01-18T13:23:38","slug":"baches-2","status":"publish","type":"page","link":"https:\/\/markimedia.fr\/index.php\/baches-2\/","title":{"rendered":"B\u00e2ches"},"content":{"rendered":"\n<p><strong>Cr\u00e9ez en quelques clics votre banderoles&nbsp;<\/strong>publicitaire sur-mesures \u00e9tant tr\u00e8s solide puisque nous utilisons un PVC est un marquage ultra r\u00e9sistant aux intemp\u00e9ries. Votre banderole publicitaire peut \u00eatre multi-usage. Elle vous servira \u00e9galement d&rsquo;enseigne au dessus de votre boutique, de votre stand ou m\u00eame de votre grillage.&nbsp;<\/p>\n\n\n\n<figure class=\"wp-block-image size-full\"><img loading=\"lazy\" decoding=\"async\" width=\"1024\" height=\"768\" src=\"https:\/\/markimedia.fr\/wp-content\/uploads\/2024\/01\/baches-pizza.jpg\" alt=\"\" class=\"wp-image-207\" srcset=\"https:\/\/markimedia.fr\/wp-content\/uploads\/2024\/01\/baches-pizza.jpg 1024w, https:\/\/markimedia.fr\/wp-content\/uploads\/2024\/01\/baches-pizza-300x225.jpg 300w, https:\/\/markimedia.fr\/wp-content\/uploads\/2024\/01\/baches-pizza-768x576.jpg 768w\" sizes=\"auto, (max-width: 1024px) 100vw, 1024px\" \/><figcaption class=\"wp-element-caption\"><em><strong>B\u00e2che grand format<\/strong><\/em><\/figcaption><\/figure>\n\n\n\n<figure class=\"wp-block-image size-full\"><img loading=\"lazy\" decoding=\"async\" width=\"1024\" height=\"768\" src=\"https:\/\/markimedia.fr\/wp-content\/uploads\/2024\/01\/baches-2.jpg\" alt=\"\" class=\"wp-image-208\" srcset=\"https:\/\/markimedia.fr\/wp-content\/uploads\/2024\/01\/baches-2.jpg 1024w, https:\/\/markimedia.fr\/wp-content\/uploads\/2024\/01\/baches-2-300x225.jpg 300w, https:\/\/markimedia.fr\/wp-content\/uploads\/2024\/01\/baches-2-768x576.jpg 768w\" sizes=\"auto, (max-width: 1024px) 100vw, 1024px\" \/><figcaption class=\"wp-element-caption\"><strong><em>B\u00e2che 4&#215;3<\/em><\/strong><\/figcaption><\/figure>\n","protected":false},"excerpt":{"rendered":"<p>Cr\u00e9ez en quelques clics votre banderoles&nbsp;publicitaire sur-mesures \u00e9tant tr\u00e8s solide puisque nous utilisons un PVC est un marquage ultra r\u00e9sistant aux intemp\u00e9ries. Votre banderole publicitaire peut \u00eatre multi-usage. Elle vous servira \u00e9galement d&rsquo;enseigne au dessus de votre boutique, de votre stand ou m\u00eame de votre grillage.&nbsp;<\/p>\n","protected":false},"author":1,"featured_media":0,"parent":0,"menu_order":0,"comment_status":"closed","ping_status":"closed","template":"","meta":{"footnotes":""},"class_list":["post-153","page","type-page","status-publish","hentry"],"_links":{"self":[{"href":"https:\/\/markimedia.fr\/index.php\/wp-json\/wp\/v2\/pages\/153","targetHints":{"allow":["GET"]}}],"collection":[{"href":"https:\/\/markimedia.fr\/index.php\/wp-json\/wp\/v2\/pages"}],"about":[{"href":"https:\/\/markimedia.fr\/index.php\/wp-json\/wp\/v2\/types\/page"}],"author":[{"embeddable":true,"href":"https:\/\/markimedia.fr\/index.php\/wp-json\/wp\/v2\/users\/1"}],"replies":[{"embeddable":true,"href":"https:\/\/markimedia.fr\/index.php\/wp-json\/wp\/v2\/comments?post=153"}],"version-history":[{"count":3,"href":"https:\/\/markimedia.fr\/index.php\/wp-json\/wp\/v2\/pages\/153\/revisions"}],"predecessor-version":[{"id":313,"href":"https:\/\/markimedia.fr\/index.php\/wp-json\/wp\/v2\/pages\/153\/revisions\/313"}],"wp:attachment":[{"href":"https:\/\/markimedia.fr\/index.php\/wp-json\/wp\/v2\/media?parent=153"}],"curies":[{"name":"wp","href":"https:\/\/api.w.org\/{rel}","templated":true}]}}