{"id":161,"date":"2023-12-12T16:53:52","date_gmt":"2023-12-12T15:53:52","guid":{"rendered":"https:\/\/markimedia.fr\/?page_id=161"},"modified":"2024-01-31T18:14:21","modified_gmt":"2024-01-31T17:14:21","slug":"carte-de-visite","status":"publish","type":"page","link":"https:\/\/markimedia.fr\/index.php\/carte-de-visite\/","title":{"rendered":"Carte de Visite"},"content":{"rendered":"\n<div class=\"wp-block-columns is-layout-flex wp-container-core-columns-is-layout-28f84493 wp-block-columns-is-layout-flex\">\n<div class=\"wp-block-column is-layout-flow wp-block-column-is-layout-flow\">\n<figure class=\"wp-block-image size-full\"><img loading=\"lazy\" decoding=\"async\" width=\"1024\" height=\"1024\" src=\"https:\/\/markimedia.fr\/wp-content\/uploads\/2024\/01\/carte-de-visite-1.jpg\" alt=\"\" class=\"wp-image-327\" srcset=\"https:\/\/markimedia.fr\/wp-content\/uploads\/2024\/01\/carte-de-visite-1.jpg 1024w, https:\/\/markimedia.fr\/wp-content\/uploads\/2024\/01\/carte-de-visite-1-300x300.jpg 300w, https:\/\/markimedia.fr\/wp-content\/uploads\/2024\/01\/carte-de-visite-1-150x150.jpg 150w, https:\/\/markimedia.fr\/wp-content\/uploads\/2024\/01\/carte-de-visite-1-768x768.jpg 768w\" sizes=\"auto, (max-width: 1024px) 100vw, 1024px\" \/><\/figure>\n<\/div>\n\n\n\n<div class=\"wp-block-column is-layout-flow wp-block-column-is-layout-flow\">\n<figure class=\"wp-block-image aligncenter size-full is-resized\"><img loading=\"lazy\" decoding=\"async\" width=\"750\" height=\"473\" src=\"https:\/\/markimedia.fr\/wp-content\/uploads\/2024\/01\/carte-de-visite-2.jpg\" alt=\"\" class=\"wp-image-328\" style=\"width:496px;height:auto\" srcset=\"https:\/\/markimedia.fr\/wp-content\/uploads\/2024\/01\/carte-de-visite-2.jpg 750w, https:\/\/markimedia.fr\/wp-content\/uploads\/2024\/01\/carte-de-visite-2-300x189.jpg 300w\" sizes=\"auto, (max-width: 750px) 100vw, 750px\" \/><figcaption class=\"wp-element-caption\">Carte de visite avec un vernis s\u00e9lectif <\/figcaption><\/figure>\n<\/div>\n<\/div>\n\n\n\n<p class=\"has-text-align-center has-medium-font-size\">Les cartes de visite sont utiles pour \u00e9changer des informations professionnelles, faciliter le r\u00e9seautage, renforcer l&rsquo;image professionnelle, servir de support marketing, fournir un acc\u00e8s rapide aux coordonn\u00e9es, cr\u00e9er une impression m\u00e9morable, faciliter les recommandations.<\/p>\n","protected":false},"excerpt":{"rendered":"<p>Les cartes de visite sont utiles pour \u00e9changer des informations professionnelles, faciliter le r\u00e9seautage, renforcer l&rsquo;image professionnelle, servir de support marketing, fournir un acc\u00e8s rapide aux coordonn\u00e9es, cr\u00e9er une impression m\u00e9morable, faciliter les recommandations.<\/p>\n","protected":false},"author":1,"featured_media":0,"parent":0,"menu_order":0,"comment_status":"closed","ping_status":"closed","template":"","meta":{"footnotes":""},"class_list":["post-161","page","type-page","status-publish","hentry"],"_links":{"self":[{"href":"https:\/\/markimedia.fr\/index.php\/wp-json\/wp\/v2\/pages\/161","targetHints":{"allow":["GET"]}}],"collection":[{"href":"https:\/\/markimedia.fr\/index.php\/wp-json\/wp\/v2\/pages"}],"about":[{"href":"https:\/\/markimedia.fr\/index.php\/wp-json\/wp\/v2\/types\/page"}],"author":[{"embeddable":true,"href":"https:\/\/markimedia.fr\/index.php\/wp-json\/wp\/v2\/users\/1"}],"replies":[{"embeddable":true,"href":"https:\/\/markimedia.fr\/index.php\/wp-json\/wp\/v2\/comments?post=161"}],"version-history":[{"count":4,"href":"https:\/\/markimedia.fr\/index.php\/wp-json\/wp\/v2\/pages\/161\/revisions"}],"predecessor-version":[{"id":330,"href":"https:\/\/markimedia.fr\/index.php\/wp-json\/wp\/v2\/pages\/161\/revisions\/330"}],"wp:attachment":[{"href":"https:\/\/markimedia.fr\/index.php\/wp-json\/wp\/v2\/media?parent=161"}],"curies":[{"name":"wp","href":"https:\/\/api.w.org\/{rel}","templated":true}]}}