{"id":163,"date":"2023-12-12T16:47:32","date_gmt":"2023-12-12T15:47:32","guid":{"rendered":"https:\/\/markimedia.fr\/?page_id=163"},"modified":"2024-01-03T05:36:58","modified_gmt":"2024-01-03T04:36:58","slug":"covering-vehicule","status":"publish","type":"page","link":"https:\/\/markimedia.fr\/index.php\/covering-vehicule\/","title":{"rendered":"Covering V\u00e9hicule"},"content":{"rendered":"\n<div class=\"wp-block-columns has-medium-font-size is-layout-flex wp-container-core-columns-is-layout-28f84493 wp-block-columns-is-layout-flex\">\n<div class=\"wp-block-column is-layout-flow wp-container-core-column-is-layout-b2a27621 wp-block-column-is-layout-flow\" style=\"border-style:none;border-width:0px;padding-top:0;padding-right:0;padding-bottom:0;padding-left:0\">\n<figure class=\"wp-block-image size-full\"><img loading=\"lazy\" decoding=\"async\" width=\"1024\" height=\"768\" src=\"https:\/\/markimedia.fr\/wp-content\/uploads\/2024\/01\/covering-vehicule-1.jpg\" alt=\"\" class=\"wp-image-212\" srcset=\"https:\/\/markimedia.fr\/wp-content\/uploads\/2024\/01\/covering-vehicule-1.jpg 1024w, https:\/\/markimedia.fr\/wp-content\/uploads\/2024\/01\/covering-vehicule-1-300x225.jpg 300w, https:\/\/markimedia.fr\/wp-content\/uploads\/2024\/01\/covering-vehicule-1-768x576.jpg 768w\" sizes=\"auto, (max-width: 1024px) 100vw, 1024px\" \/><\/figure>\n<\/div>\n\n\n\n<div class=\"wp-block-column is-layout-flow wp-container-core-column-is-layout-b2a27621 wp-block-column-is-layout-flow\" style=\"border-style:none;border-width:0px;padding-top:0;padding-right:0;padding-bottom:0;padding-left:0\">\n<figure class=\"wp-block-image size-full\"><img loading=\"lazy\" decoding=\"async\" width=\"1024\" height=\"768\" src=\"https:\/\/markimedia.fr\/wp-content\/uploads\/2024\/01\/covering-vehicule-2.jpg\" alt=\"\" class=\"wp-image-213\" srcset=\"https:\/\/markimedia.fr\/wp-content\/uploads\/2024\/01\/covering-vehicule-2.jpg 1024w, https:\/\/markimedia.fr\/wp-content\/uploads\/2024\/01\/covering-vehicule-2-300x225.jpg 300w, https:\/\/markimedia.fr\/wp-content\/uploads\/2024\/01\/covering-vehicule-2-768x576.jpg 768w\" sizes=\"auto, (max-width: 1024px) 100vw, 1024px\" \/><\/figure>\n<\/div>\n<\/div>\n\n\n\n<div class=\"wp-block-columns is-layout-flex wp-container-core-columns-is-layout-28f84493 wp-block-columns-is-layout-flex\">\n<div class=\"wp-block-column is-layout-flow wp-block-column-is-layout-flow\">\n<figure class=\"wp-block-image size-full\"><img loading=\"lazy\" decoding=\"async\" width=\"1024\" height=\"768\" src=\"https:\/\/markimedia.fr\/wp-content\/uploads\/2024\/01\/covering-vehicule-3.jpg\" alt=\"\" class=\"wp-image-214\" srcset=\"https:\/\/markimedia.fr\/wp-content\/uploads\/2024\/01\/covering-vehicule-3.jpg 1024w, https:\/\/markimedia.fr\/wp-content\/uploads\/2024\/01\/covering-vehicule-3-300x225.jpg 300w, https:\/\/markimedia.fr\/wp-content\/uploads\/2024\/01\/covering-vehicule-3-768x576.jpg 768w\" sizes=\"auto, (max-width: 1024px) 100vw, 1024px\" \/><\/figure>\n<\/div>\n\n\n\n<div class=\"wp-block-column is-layout-flow wp-block-column-is-layout-flow\">\n<figure class=\"wp-block-image size-full\"><img loading=\"lazy\" decoding=\"async\" width=\"1024\" height=\"768\" src=\"https:\/\/markimedia.fr\/wp-content\/uploads\/2024\/01\/covering-vehicule-4.jpg\" alt=\"\" class=\"wp-image-215\" srcset=\"https:\/\/markimedia.fr\/wp-content\/uploads\/2024\/01\/covering-vehicule-4.jpg 1024w, https:\/\/markimedia.fr\/wp-content\/uploads\/2024\/01\/covering-vehicule-4-300x225.jpg 300w, https:\/\/markimedia.fr\/wp-content\/uploads\/2024\/01\/covering-vehicule-4-768x576.jpg 768w\" sizes=\"auto, (max-width: 1024px) 100vw, 1024px\" \/><\/figure>\n<\/div>\n<\/div>\n\n\n\n<p><strong>Choisissez la marque et le mod\u00e8le de votre v\u00e9hicule&nbsp;<\/strong>parmi plus de 100 marques disponibles: (Renault, Peugeot, Citro\u00ebn, Opel, Ford, Mercedes, Volkswagen, Fiat, etc&#8230;) puis d\u00e9corez facilement chacune de ses faces ( avant, arri\u00e8re, dessus et c\u00f4t\u00e9s).<\/p>\n","protected":false},"excerpt":{"rendered":"<p>Choisissez la marque et le mod\u00e8le de votre v\u00e9hicule&nbsp;parmi plus de 100 marques disponibles: (Renault, Peugeot, Citro\u00ebn, Opel, Ford, Mercedes, Volkswagen, Fiat, etc&#8230;) puis d\u00e9corez facilement chacune de ses faces ( avant, arri\u00e8re, dessus et c\u00f4t\u00e9s).<\/p>\n","protected":false},"author":1,"featured_media":0,"parent":0,"menu_order":0,"comment_status":"closed","ping_status":"closed","template":"","meta":{"footnotes":""},"class_list":["post-163","page","type-page","status-publish","hentry"],"_links":{"self":[{"href":"https:\/\/markimedia.fr\/index.php\/wp-json\/wp\/v2\/pages\/163","targetHints":{"allow":["GET"]}}],"collection":[{"href":"https:\/\/markimedia.fr\/index.php\/wp-json\/wp\/v2\/pages"}],"about":[{"href":"https:\/\/markimedia.fr\/index.php\/wp-json\/wp\/v2\/types\/page"}],"author":[{"embeddable":true,"href":"https:\/\/markimedia.fr\/index.php\/wp-json\/wp\/v2\/users\/1"}],"replies":[{"embeddable":true,"href":"https:\/\/markimedia.fr\/index.php\/wp-json\/wp\/v2\/comments?post=163"}],"version-history":[{"count":3,"href":"https:\/\/markimedia.fr\/index.php\/wp-json\/wp\/v2\/pages\/163\/revisions"}],"predecessor-version":[{"id":216,"href":"https:\/\/markimedia.fr\/index.php\/wp-json\/wp\/v2\/pages\/163\/revisions\/216"}],"wp:attachment":[{"href":"https:\/\/markimedia.fr\/index.php\/wp-json\/wp\/v2\/media?parent=163"}],"curies":[{"name":"wp","href":"https:\/\/api.w.org\/{rel}","templated":true}]}}