{"id":171,"date":"2023-12-12T16:55:56","date_gmt":"2023-12-12T15:55:56","guid":{"rendered":"https:\/\/markimedia.fr\/?page_id=171"},"modified":"2024-01-18T14:14:30","modified_gmt":"2024-01-18T13:14:30","slug":"triporteurs","status":"publish","type":"page","link":"https:\/\/markimedia.fr\/index.php\/triporteurs\/","title":{"rendered":"Triporteurs"},"content":{"rendered":"\n<p><br>Un triporteur est un v\u00e9hicule \u00e0 trois roues, celui-ci vous offre une solution \u00e9cologique et pratique pour la livraison de marchandises, les d\u00e9placements urbains et d&rsquo;autres activit\u00e9s de transport.<\/p>\n\n\n\n<div class=\"wp-block-columns is-layout-flex wp-container-core-columns-is-layout-28f84493 wp-block-columns-is-layout-flex\">\n<div class=\"wp-block-column is-layout-flow wp-block-column-is-layout-flow\">\n<figure class=\"wp-block-image aligncenter size-full\"><img loading=\"lazy\" decoding=\"async\" width=\"768\" height=\"1024\" src=\"https:\/\/markimedia.fr\/wp-content\/uploads\/2024\/01\/triporteur-1.jpg\" alt=\"\" class=\"wp-image-250\" srcset=\"https:\/\/markimedia.fr\/wp-content\/uploads\/2024\/01\/triporteur-1.jpg 768w, https:\/\/markimedia.fr\/wp-content\/uploads\/2024\/01\/triporteur-1-225x300.jpg 225w\" sizes=\"auto, (max-width: 768px) 100vw, 768px\" \/><figcaption class=\"wp-element-caption\"><strong><em>Habillage complet sur tripoteurs<\/em><\/strong><\/figcaption><\/figure>\n<\/div>\n\n\n\n<div class=\"wp-block-column is-layout-flow wp-block-column-is-layout-flow\">\n<figure class=\"wp-block-image size-full\"><img loading=\"lazy\" decoding=\"async\" width=\"769\" height=\"1024\" src=\"https:\/\/markimedia.fr\/wp-content\/uploads\/2024\/01\/triporteur-2.jpg\" alt=\"\" class=\"wp-image-251\" srcset=\"https:\/\/markimedia.fr\/wp-content\/uploads\/2024\/01\/triporteur-2.jpg 769w, https:\/\/markimedia.fr\/wp-content\/uploads\/2024\/01\/triporteur-2-225x300.jpg 225w\" sizes=\"auto, (max-width: 769px) 100vw, 769px\" \/><\/figure>\n<\/div>\n<\/div>\n","protected":false},"excerpt":{"rendered":"<p>Un triporteur est un v\u00e9hicule \u00e0 trois roues, celui-ci vous offre une solution \u00e9cologique et pratique pour la livraison de marchandises, les d\u00e9placements urbains et d&rsquo;autres activit\u00e9s de transport.<\/p>\n","protected":false},"author":1,"featured_media":0,"parent":0,"menu_order":0,"comment_status":"closed","ping_status":"closed","template":"","meta":{"footnotes":""},"class_list":["post-171","page","type-page","status-publish","hentry"],"_links":{"self":[{"href":"https:\/\/markimedia.fr\/index.php\/wp-json\/wp\/v2\/pages\/171","targetHints":{"allow":["GET"]}}],"collection":[{"href":"https:\/\/markimedia.fr\/index.php\/wp-json\/wp\/v2\/pages"}],"about":[{"href":"https:\/\/markimedia.fr\/index.php\/wp-json\/wp\/v2\/types\/page"}],"author":[{"embeddable":true,"href":"https:\/\/markimedia.fr\/index.php\/wp-json\/wp\/v2\/users\/1"}],"replies":[{"embeddable":true,"href":"https:\/\/markimedia.fr\/index.php\/wp-json\/wp\/v2\/comments?post=171"}],"version-history":[{"count":4,"href":"https:\/\/markimedia.fr\/index.php\/wp-json\/wp\/v2\/pages\/171\/revisions"}],"predecessor-version":[{"id":305,"href":"https:\/\/markimedia.fr\/index.php\/wp-json\/wp\/v2\/pages\/171\/revisions\/305"}],"wp:attachment":[{"href":"https:\/\/markimedia.fr\/index.php\/wp-json\/wp\/v2\/media?parent=171"}],"curies":[{"name":"wp","href":"https:\/\/api.w.org\/{rel}","templated":true}]}}