{"id":174,"date":"2023-12-12T16:54:42","date_gmt":"2023-12-12T15:54:42","guid":{"rendered":"https:\/\/markimedia.fr\/?page_id=174"},"modified":"2024-01-03T05:39:19","modified_gmt":"2024-01-03T04:39:19","slug":"stores","status":"publish","type":"page","link":"https:\/\/markimedia.fr\/index.php\/stores\/","title":{"rendered":"Stores"},"content":{"rendered":"\n<p><br>Les stores pour un magasin offrent contr\u00f4le de la luminosit\u00e9, protection contre le soleil, pr\u00e9servation des produits, et s\u00e9curit\u00e9 en dissimulant l&rsquo;int\u00e9rieur apr\u00e8s la fermeture. Ils contribuent \u00e0 cr\u00e9er une atmosph\u00e8re agr\u00e9able et fonctionnelle.<\/p>\n\n\n\n<figure class=\"wp-block-image size-full\"><img loading=\"lazy\" decoding=\"async\" width=\"864\" height=\"1024\" src=\"https:\/\/markimedia.fr\/wp-content\/uploads\/2024\/01\/stores.jpg\" alt=\"\" class=\"wp-image-243\" srcset=\"https:\/\/markimedia.fr\/wp-content\/uploads\/2024\/01\/stores.jpg 864w, https:\/\/markimedia.fr\/wp-content\/uploads\/2024\/01\/stores-253x300.jpg 253w, https:\/\/markimedia.fr\/wp-content\/uploads\/2024\/01\/stores-768x910.jpg 768w\" sizes=\"auto, (max-width: 864px) 100vw, 864px\" \/><\/figure>\n","protected":false},"excerpt":{"rendered":"<p>Les stores pour un magasin offrent contr\u00f4le de la luminosit\u00e9, protection contre le soleil, pr\u00e9servation des produits, et s\u00e9curit\u00e9 en dissimulant l&rsquo;int\u00e9rieur apr\u00e8s la fermeture. Ils contribuent \u00e0 cr\u00e9er une atmosph\u00e8re agr\u00e9able et fonctionnelle.<\/p>\n","protected":false},"author":1,"featured_media":0,"parent":0,"menu_order":0,"comment_status":"closed","ping_status":"closed","template":"","meta":{"footnotes":""},"class_list":["post-174","page","type-page","status-publish","hentry"],"_links":{"self":[{"href":"https:\/\/markimedia.fr\/index.php\/wp-json\/wp\/v2\/pages\/174","targetHints":{"allow":["GET"]}}],"collection":[{"href":"https:\/\/markimedia.fr\/index.php\/wp-json\/wp\/v2\/pages"}],"about":[{"href":"https:\/\/markimedia.fr\/index.php\/wp-json\/wp\/v2\/types\/page"}],"author":[{"embeddable":true,"href":"https:\/\/markimedia.fr\/index.php\/wp-json\/wp\/v2\/users\/1"}],"replies":[{"embeddable":true,"href":"https:\/\/markimedia.fr\/index.php\/wp-json\/wp\/v2\/comments?post=174"}],"version-history":[{"count":4,"href":"https:\/\/markimedia.fr\/index.php\/wp-json\/wp\/v2\/pages\/174\/revisions"}],"predecessor-version":[{"id":244,"href":"https:\/\/markimedia.fr\/index.php\/wp-json\/wp\/v2\/pages\/174\/revisions\/244"}],"wp:attachment":[{"href":"https:\/\/markimedia.fr\/index.php\/wp-json\/wp\/v2\/media?parent=174"}],"curies":[{"name":"wp","href":"https:\/\/api.w.org\/{rel}","templated":true}]}}