{"id":24,"date":"2023-12-12T16:25:27","date_gmt":"2023-12-12T15:25:27","guid":{"rendered":"https:\/\/markimedia.fr\/?page_id=24"},"modified":"2024-01-18T14:18:09","modified_gmt":"2024-01-18T13:18:09","slug":"enseigne-lumineuse","status":"publish","type":"page","link":"https:\/\/markimedia.fr\/index.php\/enseigne-lumineuse\/","title":{"rendered":"Enseigne Lumineuse"},"content":{"rendered":"\n<div class=\"wp-block-columns is-layout-flex wp-container-core-columns-is-layout-28f84493 wp-block-columns-is-layout-flex\">\n<div class=\"wp-block-column is-layout-flow wp-block-column-is-layout-flow\">\n<figure class=\"wp-block-image alignleft size-full is-resized\"><img loading=\"lazy\" decoding=\"async\" width=\"1024\" height=\"684\" src=\"https:\/\/markimedia.fr\/wp-content\/uploads\/2024\/01\/enseigne-lumineuse-1.jpeg\" alt=\"\" class=\"wp-image-217\" style=\"width:383px;height:auto\" srcset=\"https:\/\/markimedia.fr\/wp-content\/uploads\/2024\/01\/enseigne-lumineuse-1.jpeg 1024w, https:\/\/markimedia.fr\/wp-content\/uploads\/2024\/01\/enseigne-lumineuse-1-300x200.jpeg 300w, https:\/\/markimedia.fr\/wp-content\/uploads\/2024\/01\/enseigne-lumineuse-1-768x513.jpeg 768w\" sizes=\"auto, (max-width: 1024px) 100vw, 1024px\" \/><figcaption class=\"wp-element-caption\"><strong><em>Enseigne avec lettres boitiers lumineuses<\/em><\/strong><\/figcaption><\/figure>\n\n\n\n<p>Les toutes derni\u00e8res technologies d&rsquo;\u00e9clairage LED utilis\u00e9es pour sublimer vos lettres d&rsquo;enseigne. <\/p>\n<\/div>\n<\/div>\n\n\n\n<figure class=\"wp-block-image alignright size-full is-resized\"><img loading=\"lazy\" decoding=\"async\" width=\"1024\" height=\"768\" src=\"https:\/\/markimedia.fr\/wp-content\/uploads\/2024\/01\/enseigne-lumineuse-2.jpg\" alt=\"\" class=\"wp-image-218\" style=\"width:412px;height:auto\" srcset=\"https:\/\/markimedia.fr\/wp-content\/uploads\/2024\/01\/enseigne-lumineuse-2.jpg 1024w, https:\/\/markimedia.fr\/wp-content\/uploads\/2024\/01\/enseigne-lumineuse-2-300x225.jpg 300w, https:\/\/markimedia.fr\/wp-content\/uploads\/2024\/01\/enseigne-lumineuse-2-768x576.jpg 768w\" sizes=\"auto, (max-width: 1024px) 100vw, 1024px\" \/><\/figure>\n\n\n\n<p class=\"has-text-align-left\">Une luminosit\u00e9 est optimis\u00e9e et une consommation hyper r\u00e9duite. Profitez de notre savoir-faire et fa\u00eetes des \u00e9conomies d&rsquo;\u00e9nergie !<\/p>\n","protected":false},"excerpt":{"rendered":"<p>Les toutes derni\u00e8res technologies d&rsquo;\u00e9clairage LED utilis\u00e9es pour sublimer vos lettres d&rsquo;enseigne. Une luminosit\u00e9 est optimis\u00e9e et une consommation hyper r\u00e9duite. Profitez de notre savoir-faire et fa\u00eetes des \u00e9conomies d&rsquo;\u00e9nergie !<\/p>\n","protected":false},"author":1,"featured_media":0,"parent":0,"menu_order":0,"comment_status":"closed","ping_status":"closed","template":"","meta":{"footnotes":""},"class_list":["post-24","page","type-page","status-publish","hentry"],"_links":{"self":[{"href":"https:\/\/markimedia.fr\/index.php\/wp-json\/wp\/v2\/pages\/24","targetHints":{"allow":["GET"]}}],"collection":[{"href":"https:\/\/markimedia.fr\/index.php\/wp-json\/wp\/v2\/pages"}],"about":[{"href":"https:\/\/markimedia.fr\/index.php\/wp-json\/wp\/v2\/types\/page"}],"author":[{"embeddable":true,"href":"https:\/\/markimedia.fr\/index.php\/wp-json\/wp\/v2\/users\/1"}],"replies":[{"embeddable":true,"href":"https:\/\/markimedia.fr\/index.php\/wp-json\/wp\/v2\/comments?post=24"}],"version-history":[{"count":5,"href":"https:\/\/markimedia.fr\/index.php\/wp-json\/wp\/v2\/pages\/24\/revisions"}],"predecessor-version":[{"id":309,"href":"https:\/\/markimedia.fr\/index.php\/wp-json\/wp\/v2\/pages\/24\/revisions\/309"}],"wp:attachment":[{"href":"https:\/\/markimedia.fr\/index.php\/wp-json\/wp\/v2\/media?parent=24"}],"curies":[{"name":"wp","href":"https:\/\/api.w.org\/{rel}","templated":true}]}}