{"id":288,"date":"2024-01-03T16:59:10","date_gmt":"2024-01-03T15:59:10","guid":{"rendered":"http:\/\/markimedia.fr\/?page_id=288"},"modified":"2024-01-03T16:59:10","modified_gmt":"2024-01-03T15:59:10","slug":"plexiglas","status":"publish","type":"page","link":"https:\/\/markimedia.fr\/index.php\/plexiglas\/","title":{"rendered":"Plexiglas"},"content":{"rendered":"\n<figure class=\"wp-block-image aligncenter size-large is-resized\"><img loading=\"lazy\" decoding=\"async\" width=\"680\" height=\"1024\" src=\"https:\/\/markimedia.fr\/wp-content\/uploads\/2024\/01\/plexiglas-2-680x1024.jpg\" alt=\"\" class=\"wp-image-289\" style=\"width:346px;height:auto\" srcset=\"https:\/\/markimedia.fr\/wp-content\/uploads\/2024\/01\/plexiglas-2-680x1024.jpg 680w, https:\/\/markimedia.fr\/wp-content\/uploads\/2024\/01\/plexiglas-2-199x300.jpg 199w, https:\/\/markimedia.fr\/wp-content\/uploads\/2024\/01\/plexiglas-2-768x1157.jpg 768w, https:\/\/markimedia.fr\/wp-content\/uploads\/2024\/01\/plexiglas-2-1020x1536.jpg 1020w, https:\/\/markimedia.fr\/wp-content\/uploads\/2024\/01\/plexiglas-2-1360x2048.jpg 1360w, https:\/\/markimedia.fr\/wp-content\/uploads\/2024\/01\/plexiglas-2-scaled.jpg 1700w\" sizes=\"auto, (max-width: 680px) 100vw, 680px\" \/><\/figure>\n\n\n\n<p class=\"has-text-align-left\">Le Plexiglas, un polym\u00e8re transparent similaire au verre, est largement utilis\u00e9 pour : Vitrines et Pr\u00e9sentoirs, Panneaux Publicitaires, Protection, Arts et Artisanat<\/p>\n","protected":false},"excerpt":{"rendered":"<p>Le Plexiglas, un polym\u00e8re transparent similaire au verre, est largement utilis\u00e9 pour : Vitrines et Pr\u00e9sentoirs, Panneaux Publicitaires, Protection, Arts et Artisanat<\/p>\n","protected":false},"author":1,"featured_media":0,"parent":0,"menu_order":0,"comment_status":"closed","ping_status":"closed","template":"","meta":{"footnotes":""},"class_list":["post-288","page","type-page","status-publish","hentry"],"_links":{"self":[{"href":"https:\/\/markimedia.fr\/index.php\/wp-json\/wp\/v2\/pages\/288","targetHints":{"allow":["GET"]}}],"collection":[{"href":"https:\/\/markimedia.fr\/index.php\/wp-json\/wp\/v2\/pages"}],"about":[{"href":"https:\/\/markimedia.fr\/index.php\/wp-json\/wp\/v2\/types\/page"}],"author":[{"embeddable":true,"href":"https:\/\/markimedia.fr\/index.php\/wp-json\/wp\/v2\/users\/1"}],"replies":[{"embeddable":true,"href":"https:\/\/markimedia.fr\/index.php\/wp-json\/wp\/v2\/comments?post=288"}],"version-history":[{"count":1,"href":"https:\/\/markimedia.fr\/index.php\/wp-json\/wp\/v2\/pages\/288\/revisions"}],"predecessor-version":[{"id":290,"href":"https:\/\/markimedia.fr\/index.php\/wp-json\/wp\/v2\/pages\/288\/revisions\/290"}],"wp:attachment":[{"href":"https:\/\/markimedia.fr\/index.php\/wp-json\/wp\/v2\/media?parent=288"}],"curies":[{"name":"wp","href":"https:\/\/api.w.org\/{rel}","templated":true}]}}