{"id":38,"date":"2023-12-12T16:44:11","date_gmt":"2023-12-12T15:44:11","guid":{"rendered":"https:\/\/markimedia.fr\/?page_id=38"},"modified":"2024-01-18T11:52:52","modified_gmt":"2024-01-18T10:52:52","slug":"lettres-decoupees","status":"publish","type":"page","link":"https:\/\/markimedia.fr\/index.php\/lettres-decoupees\/","title":{"rendered":"Lettres D\u00e9coup\u00e9es"},"content":{"rendered":"\n<p><strong>Cr\u00e9ez votre lettrage adh\u00e9sif&nbsp;<\/strong>dans une multitude de typographie et de couleurs, \u00e0 coller sur tous types de supports: vitres, portes, enseignes, murs, v\u00e9hicules etc. Les lettres sont d\u00e9coup\u00e9es \u00e0 la forme dans la couleur de votre choix. L&rsquo;ensemble de votre texte est livr\u00e9 avec un papier transfert, vous assurant une pose facile.<\/p>\n\n\n\n<figure class=\"wp-block-image size-full\"><img loading=\"lazy\" decoding=\"async\" width=\"1024\" height=\"768\" src=\"https:\/\/markimedia.fr\/wp-content\/uploads\/2024\/01\/lettre-decoupees-1.jpg\" alt=\"\" class=\"wp-image-228\" srcset=\"https:\/\/markimedia.fr\/wp-content\/uploads\/2024\/01\/lettre-decoupees-1.jpg 1024w, https:\/\/markimedia.fr\/wp-content\/uploads\/2024\/01\/lettre-decoupees-1-300x225.jpg 300w, https:\/\/markimedia.fr\/wp-content\/uploads\/2024\/01\/lettre-decoupees-1-768x576.jpg 768w\" sizes=\"auto, (max-width: 1024px) 100vw, 1024px\" \/><\/figure>\n\n\n\n<figure class=\"wp-block-image size-full\"><img loading=\"lazy\" decoding=\"async\" width=\"768\" height=\"1024\" src=\"https:\/\/markimedia.fr\/wp-content\/uploads\/2024\/01\/lettre-decoupees-2.jpg\" alt=\"\" class=\"wp-image-229\" srcset=\"https:\/\/markimedia.fr\/wp-content\/uploads\/2024\/01\/lettre-decoupees-2.jpg 768w, https:\/\/markimedia.fr\/wp-content\/uploads\/2024\/01\/lettre-decoupees-2-225x300.jpg 225w\" sizes=\"auto, (max-width: 768px) 100vw, 768px\" \/><figcaption class=\"wp-element-caption\"><em><strong>Lettrage adh\u00e9sif sur vitrine pose int\u00e9rieur\/ext\u00e9rieur<\/strong><\/em><\/figcaption><\/figure>\n","protected":false},"excerpt":{"rendered":"<p>Cr\u00e9ez votre lettrage adh\u00e9sif&nbsp;dans une multitude de typographie et de couleurs, \u00e0 coller sur tous types de supports: vitres, portes, enseignes, murs, v\u00e9hicules etc. Les lettres sont d\u00e9coup\u00e9es \u00e0 la forme dans la couleur de votre choix. L&rsquo;ensemble de votre texte est livr\u00e9 avec un papier transfert, vous assurant une pose facile.<\/p>\n","protected":false},"author":1,"featured_media":0,"parent":0,"menu_order":0,"comment_status":"closed","ping_status":"closed","template":"","meta":{"footnotes":""},"class_list":["post-38","page","type-page","status-publish","hentry"],"_links":{"self":[{"href":"https:\/\/markimedia.fr\/index.php\/wp-json\/wp\/v2\/pages\/38","targetHints":{"allow":["GET"]}}],"collection":[{"href":"https:\/\/markimedia.fr\/index.php\/wp-json\/wp\/v2\/pages"}],"about":[{"href":"https:\/\/markimedia.fr\/index.php\/wp-json\/wp\/v2\/types\/page"}],"author":[{"embeddable":true,"href":"https:\/\/markimedia.fr\/index.php\/wp-json\/wp\/v2\/users\/1"}],"replies":[{"embeddable":true,"href":"https:\/\/markimedia.fr\/index.php\/wp-json\/wp\/v2\/comments?post=38"}],"version-history":[{"count":5,"href":"https:\/\/markimedia.fr\/index.php\/wp-json\/wp\/v2\/pages\/38\/revisions"}],"predecessor-version":[{"id":302,"href":"https:\/\/markimedia.fr\/index.php\/wp-json\/wp\/v2\/pages\/38\/revisions\/302"}],"wp:attachment":[{"href":"https:\/\/markimedia.fr\/index.php\/wp-json\/wp\/v2\/media?parent=38"}],"curies":[{"name":"wp","href":"https:\/\/api.w.org\/{rel}","templated":true}]}}