{"id":40,"date":"2023-12-12T16:45:11","date_gmt":"2023-12-12T15:45:11","guid":{"rendered":"https:\/\/markimedia.fr\/?page_id=40"},"modified":"2024-01-18T14:21:58","modified_gmt":"2024-01-18T13:21:58","slug":"vitrophanie","status":"publish","type":"page","link":"https:\/\/markimedia.fr\/index.php\/vitrophanie\/","title":{"rendered":"Vitrophanie"},"content":{"rendered":"\n<figure class=\"wp-block-image size-full\"><img loading=\"lazy\" decoding=\"async\" width=\"1024\" height=\"768\" src=\"https:\/\/markimedia.fr\/wp-content\/uploads\/2024\/01\/vitrophanie.jpg\" alt=\"\" class=\"wp-image-253\" srcset=\"https:\/\/markimedia.fr\/wp-content\/uploads\/2024\/01\/vitrophanie.jpg 1024w, https:\/\/markimedia.fr\/wp-content\/uploads\/2024\/01\/vitrophanie-300x225.jpg 300w, https:\/\/markimedia.fr\/wp-content\/uploads\/2024\/01\/vitrophanie-768x576.jpg 768w\" sizes=\"auto, (max-width: 1024px) 100vw, 1024px\" \/><figcaption class=\"wp-element-caption\"><strong><em>Recouvrement vitre avec adh\u00e9sif microperfor\u00e9<\/em><\/strong><\/figcaption><\/figure>\n\n\n\n<p>L&rsquo;autocollant imprim\u00e9 sur du micro-perfor\u00e9 est destin\u00e9 \u00e0 \u00eatre coll\u00e9 sur des vitres. Compos\u00e9 de petits trous, il emp\u00eache la visibilit\u00e9 de l&rsquo;ext\u00e9rieur vers l&rsquo;int\u00e9rieur, mais pr\u00e9serve la visibilit\u00e9 de l&rsquo;int\u00e9rieur vers l&rsquo;ext\u00e9rieur.<\/p>\n","protected":false},"excerpt":{"rendered":"<p>L&rsquo;autocollant imprim\u00e9 sur du micro-perfor\u00e9 est destin\u00e9 \u00e0 \u00eatre coll\u00e9 sur des vitres. Compos\u00e9 de petits trous, il emp\u00eache la visibilit\u00e9 de l&rsquo;ext\u00e9rieur vers l&rsquo;int\u00e9rieur, mais pr\u00e9serve la visibilit\u00e9 de l&rsquo;int\u00e9rieur vers l&rsquo;ext\u00e9rieur.<\/p>\n","protected":false},"author":1,"featured_media":0,"parent":0,"menu_order":0,"comment_status":"closed","ping_status":"closed","template":"","meta":{"footnotes":""},"class_list":["post-40","page","type-page","status-publish","hentry"],"_links":{"self":[{"href":"https:\/\/markimedia.fr\/index.php\/wp-json\/wp\/v2\/pages\/40","targetHints":{"allow":["GET"]}}],"collection":[{"href":"https:\/\/markimedia.fr\/index.php\/wp-json\/wp\/v2\/pages"}],"about":[{"href":"https:\/\/markimedia.fr\/index.php\/wp-json\/wp\/v2\/types\/page"}],"author":[{"embeddable":true,"href":"https:\/\/markimedia.fr\/index.php\/wp-json\/wp\/v2\/users\/1"}],"replies":[{"embeddable":true,"href":"https:\/\/markimedia.fr\/index.php\/wp-json\/wp\/v2\/comments?post=40"}],"version-history":[{"count":5,"href":"https:\/\/markimedia.fr\/index.php\/wp-json\/wp\/v2\/pages\/40\/revisions"}],"predecessor-version":[{"id":311,"href":"https:\/\/markimedia.fr\/index.php\/wp-json\/wp\/v2\/pages\/40\/revisions\/311"}],"wp:attachment":[{"href":"https:\/\/markimedia.fr\/index.php\/wp-json\/wp\/v2\/media?parent=40"}],"curies":[{"name":"wp","href":"https:\/\/api.w.org\/{rel}","templated":true}]}}