{"id":42,"date":"2023-12-12T16:45:37","date_gmt":"2023-12-12T15:45:37","guid":{"rendered":"https:\/\/markimedia.fr\/?page_id=42"},"modified":"2024-01-03T05:37:33","modified_gmt":"2024-01-03T04:37:33","slug":"film-solaire","status":"publish","type":"page","link":"https:\/\/markimedia.fr\/index.php\/film-solaire\/","title":{"rendered":"Film Solaire"},"content":{"rendered":"\n<figure class=\"wp-block-image size-full\"><img loading=\"lazy\" decoding=\"async\" width=\"1024\" height=\"768\" src=\"https:\/\/markimedia.fr\/wp-content\/uploads\/2024\/01\/film-solaire.jpg\" alt=\"\" class=\"wp-image-224\" srcset=\"https:\/\/markimedia.fr\/wp-content\/uploads\/2024\/01\/film-solaire.jpg 1024w, https:\/\/markimedia.fr\/wp-content\/uploads\/2024\/01\/film-solaire-300x225.jpg 300w, https:\/\/markimedia.fr\/wp-content\/uploads\/2024\/01\/film-solaire-768x576.jpg 768w\" sizes=\"auto, (max-width: 1024px) 100vw, 1024px\" \/><\/figure>\n\n\n\n<p>L&rsquo;autocollant imprim\u00e9 sur du micro-perfor\u00e9 est destin\u00e9 \u00e0 \u00eatre coll\u00e9 sur des vitres. Compos\u00e9 de petits trous, il emp\u00eache la visibilit\u00e9 de l&rsquo;ext\u00e9rieur vers l&rsquo;int\u00e9rieur, mais pr\u00e9serve la visibilit\u00e9 de l&rsquo;int\u00e9rieur vers l&rsquo;ext\u00e9rieur.<\/p>\n","protected":false},"excerpt":{"rendered":"<p>L&rsquo;autocollant imprim\u00e9 sur du micro-perfor\u00e9 est destin\u00e9 \u00e0 \u00eatre coll\u00e9 sur des vitres. Compos\u00e9 de petits trous, il emp\u00eache la visibilit\u00e9 de l&rsquo;ext\u00e9rieur vers l&rsquo;int\u00e9rieur, mais pr\u00e9serve la visibilit\u00e9 de l&rsquo;int\u00e9rieur vers l&rsquo;ext\u00e9rieur.<\/p>\n","protected":false},"author":1,"featured_media":0,"parent":0,"menu_order":0,"comment_status":"closed","ping_status":"closed","template":"","meta":{"footnotes":""},"class_list":["post-42","page","type-page","status-publish","hentry"],"_links":{"self":[{"href":"https:\/\/markimedia.fr\/index.php\/wp-json\/wp\/v2\/pages\/42","targetHints":{"allow":["GET"]}}],"collection":[{"href":"https:\/\/markimedia.fr\/index.php\/wp-json\/wp\/v2\/pages"}],"about":[{"href":"https:\/\/markimedia.fr\/index.php\/wp-json\/wp\/v2\/types\/page"}],"author":[{"embeddable":true,"href":"https:\/\/markimedia.fr\/index.php\/wp-json\/wp\/v2\/users\/1"}],"replies":[{"embeddable":true,"href":"https:\/\/markimedia.fr\/index.php\/wp-json\/wp\/v2\/comments?post=42"}],"version-history":[{"count":3,"href":"https:\/\/markimedia.fr\/index.php\/wp-json\/wp\/v2\/pages\/42\/revisions"}],"predecessor-version":[{"id":225,"href":"https:\/\/markimedia.fr\/index.php\/wp-json\/wp\/v2\/pages\/42\/revisions\/225"}],"wp:attachment":[{"href":"https:\/\/markimedia.fr\/index.php\/wp-json\/wp\/v2\/media?parent=42"}],"curies":[{"name":"wp","href":"https:\/\/api.w.org\/{rel}","templated":true}]}}