{"id":8,"date":"2023-11-28T12:14:27","date_gmt":"2023-11-28T11:14:27","guid":{"rendered":"https:\/\/markimedia.fr\/?page_id=8"},"modified":"2024-02-11T15:22:10","modified_gmt":"2024-02-11T14:22:10","slug":"accueil","status":"publish","type":"page","link":"https:\/\/markimedia.fr\/","title":{"rendered":"Accueil"},"content":{"rendered":"\n<div class=\"wp-block-columns is-layout-flex wp-container-core-columns-is-layout-28f84493 wp-block-columns-is-layout-flex\">\n<div class=\"wp-block-column is-layout-flow wp-block-column-is-layout-flow\">\n<figure class=\"wp-block-image size-large\"><img loading=\"lazy\" decoding=\"async\" width=\"1024\" height=\"894\" src=\"https:\/\/markimedia.fr\/wp-content\/uploads\/2023\/11\/logo-png-markimedia--1024x894.png\" alt=\"\" class=\"wp-image-11\" srcset=\"https:\/\/markimedia.fr\/wp-content\/uploads\/2023\/11\/logo-png-markimedia--1024x894.png 1024w, https:\/\/markimedia.fr\/wp-content\/uploads\/2023\/11\/logo-png-markimedia--300x262.png 300w, https:\/\/markimedia.fr\/wp-content\/uploads\/2023\/11\/logo-png-markimedia--768x671.png 768w, https:\/\/markimedia.fr\/wp-content\/uploads\/2023\/11\/logo-png-markimedia-.png 1381w\" sizes=\"auto, (max-width: 1024px) 100vw, 1024px\" \/><\/figure>\n<\/div>\n\n\n\n<div class=\"wp-block-column is-layout-flow wp-block-column-is-layout-flow\">\n<div style=\"display:inline-block;width:100%;max-width:260px;margin-right:15px;vertical-align:top;font-family:'Open Sans',sans-serif;\"><span style=\"display:block;padding:4px;text-align:center;color:#777777;font-size:14px;border:1px dashed #777777;\">Acc\u00e8s aux photos <\/span><p style=\"margin-top:5px;margin-bottom:10px;font-size:13px;\">Saisissez ci-dessous vos identifiants pour acc\u00e9der \u00e0 vos albums<\/p><form method=\"post\" action=\"https:\/\/www.jingoo.com\/index.php\" target=\"_top\"><div><input name=\"login\" id=\"identifiant2\" value=\"JD44-\" placeholder=\"Identifiant\" style=\"width:100%;background:#D8D8D8;border:1px solid #ccc;padding:5px 10px;color:#555;margin-bottom: 5px;\" type=\"text\"><\/div><div><input name=\"password\" id=\"pass2\" value=\"Mot de passe\" placeholder=\"Mot de passe\" onfocus=\"if (this.value=='Mot de passe') {this.value=''}\" style=\"width:100%;background:#D8D8D8;border:1px solid #ccc;padding:5px 10px;color:#555;margin-bottom: 5px;\" type=\"text\"><\/div><input name=\"action\" value=\"login\" type=\"hidden\"><input name=\"idPhotographeAccesModule\" value=\"\/infos\/acces.php\/83446\" type=\"hidden\"><button name=\"Submit3\" value=\"OK\" type=\"submit\" style=\"display:block;width:100%;border:0;padding:5px;color:#ffffff;background-color:#777777;font-size:13px;margin-top:5px;text-decoration:none;text-align: center;border-radius:2px;cursor:pointer;font-family:'Open Sans',sans-serif;text-transform:uppercase;\">Connexion<\/button><\/form><\/div>\n<\/div>\n\n\n\n<div class=\"wp-block-column is-layout-flow wp-block-column-is-layout-flow\"><\/div>\n<\/div>\n\n\n\n<p><\/p>\n\n\n\n<figure class=\"wp-block-image size-full is-resized\"><img loading=\"lazy\" decoding=\"async\" width=\"512\" height=\"337\" src=\"https:\/\/markimedia.fr\/wp-content\/uploads\/2024\/01\/notre-dame-de-la-garde-nuit.jpg\" alt=\"\" class=\"wp-image-323\" style=\"width:651px;height:auto\" srcset=\"https:\/\/markimedia.fr\/wp-content\/uploads\/2024\/01\/notre-dame-de-la-garde-nuit.jpg 512w, https:\/\/markimedia.fr\/wp-content\/uploads\/2024\/01\/notre-dame-de-la-garde-nuit-300x197.jpg 300w\" sizes=\"auto, (max-width: 512px) 100vw, 512px\" \/><\/figure>\n\n\n\n<p><\/p>\n\n\n\n<p>Marki M\u00e9dia, votre partenaire visuel.<\/p>\n\n\n\n<p>Nous sommes une agence de communication situ\u00e9e \u00e0 Marseille. Nous intervenons dans la r\u00e9gion PACA mais \u00e9galement dans toutes la votre nous avons connu une grande \u00e9volution depuis ces derni\u00e8res ann\u00e9es&nbsp;: De studio photo \u00e0 agence de communication, l\u2019entreprise a su se renouveler. &nbsp;<\/p>\n","protected":false},"excerpt":{"rendered":"<p>Acc\u00e8s aux photos Saisissez ci-dessous vos identifiants pour acc\u00e9der \u00e0 vos albums Connexion Marki M\u00e9dia, votre partenaire visuel. Nous sommes une agence de communication situ\u00e9e \u00e0 Marseille. Nous intervenons dans la r\u00e9gion PACA mais \u00e9galement dans toutes la votre nous avons connu une grande \u00e9volution depuis ces derni\u00e8res ann\u00e9es&nbsp;: De studio photo \u00e0 agence de [&hellip;]<\/p>\n","protected":false},"author":1,"featured_media":0,"parent":0,"menu_order":0,"comment_status":"closed","ping_status":"closed","template":"","meta":{"footnotes":""},"class_list":["post-8","page","type-page","status-publish","hentry"],"_links":{"self":[{"href":"https:\/\/markimedia.fr\/index.php\/wp-json\/wp\/v2\/pages\/8","targetHints":{"allow":["GET"]}}],"collection":[{"href":"https:\/\/markimedia.fr\/index.php\/wp-json\/wp\/v2\/pages"}],"about":[{"href":"https:\/\/markimedia.fr\/index.php\/wp-json\/wp\/v2\/types\/page"}],"author":[{"embeddable":true,"href":"https:\/\/markimedia.fr\/index.php\/wp-json\/wp\/v2\/users\/1"}],"replies":[{"embeddable":true,"href":"https:\/\/markimedia.fr\/index.php\/wp-json\/wp\/v2\/comments?post=8"}],"version-history":[{"count":7,"href":"https:\/\/markimedia.fr\/index.php\/wp-json\/wp\/v2\/pages\/8\/revisions"}],"predecessor-version":[{"id":332,"href":"https:\/\/markimedia.fr\/index.php\/wp-json\/wp\/v2\/pages\/8\/revisions\/332"}],"wp:attachment":[{"href":"https:\/\/markimedia.fr\/index.php\/wp-json\/wp\/v2\/media?parent=8"}],"curies":[{"name":"wp","href":"https:\/\/api.w.org\/{rel}","templated":true}]}}